{"id":6782,"date":"2023-02-27T08:01:04","date_gmt":"2023-02-27T08:01:04","guid":{"rendered":"https:\/\/murphymexico.com\/cookie-policy\/"},"modified":"2023-03-10T04:42:58","modified_gmt":"2023-03-10T04:42:58","slug":"cookie-policy","status":"publish","type":"page","link":"https:\/\/murphymexico.com\/es\/cookie-policy\/","title":{"rendered":"POLITICA DE COOKIES"},"content":{"rendered":"<p>Esta pol\u00edtica describe el uso de cookies y tecnolog\u00edas de seguimiento en nuestros sitios web por parte de MURPHY LAW &amp; CONSULTING para habilitar las caracter\u00edsticas, analizar el uso y mejorar los servicios prestados a trav\u00e9s de ellos. A continuaci\u00f3n, encontrar\u00e1 informaci\u00f3n sobre los tipos de cookies y tecnolog\u00edas de seguimiento que usamos, la informaci\u00f3n que recopilamos y c\u00f3mo puede administrar sus preferencias y contactarnos si tiene alguna pregunta.\u00bfQu\u00e9 cookies usamos y por qu\u00e9?<\/p>\n<p>Una cookie es un peque\u00f1o archivo de texto que se almacena en su navegador web cuando visita un sitio web. Casi todos los sitios web utilizan cookies. Las cookies pueden almacenar informaci\u00f3n como su direcci\u00f3n IP, los contenidos que ve y los que proporciona, sus preferencias y configuraciones. Tambi\u00e9n nos ayudan a proporcionar contenido personalizado, acelerar la navegaci\u00f3n y conocer su visita y uso de los servicios en l\u00ednea.<\/p>\n<p>Utilizamos cinco tipos de cookies: estrictamente necesarias, de rendimiento, funcionales, de publicidad y de objetos compartidos locales (tambi\u00e9n conocidas como cookies de flash).<\/p>\n<p>Las cookies estrictamente necesarias son esenciales para permitir la navegaci\u00f3n y uso de las caracter\u00edsticas en nuestros sitios web. Son cookies temporales que se utilizan con fines t\u00e9cnicos, como mejorar la navegaci\u00f3n en nuestro sitio web. Sin estas cookies, no ser\u00eda posible proporcionar los servicios solicitados por el usuario. Dichas cookies desaparecen una vez que el usuario cierra el navegador.<\/p>\n<p>Las cookies de rendimiento se almacenan en el ordenador del usuario durante per\u00edodos m\u00e1s prolongados y se utilizan para rastrear el n\u00famero de visitantes \u00fanicos en nuestros servicios en l\u00ednea, as\u00ed como para recopilar informaci\u00f3n relevante sobre el n\u00famero de visitas a una p\u00e1gina, el tiempo que un usuario pasa en una p\u00e1gina y otras estad\u00edsticas web importantes. La informaci\u00f3n recopilada se agrega y se hace an\u00f3nima. Estas cookies se utilizan exclusivamente para mejorar el rendimiento del sitio web y, en consecuencia, la experiencia del usuario.<\/p>\n<p>Las cookies funcionales permiten que el sitio web almacene informaci\u00f3n previamente introducida, como nombres de usuario, preferencias de idioma y ubicaci\u00f3n, para ofrecer funciones mejoradas y personalizadas. Adem\u00e1s, estas cookies permiten habilitar funciones solicitadas por el usuario, como la reproducci\u00f3n de v\u00eddeos. La informaci\u00f3n recopilada por estas cookies es an\u00f3nima y no se utiliza para rastrear los movimientos del usuario en otros sitios web.<\/p>\n<p>En relaci\u00f3n con el an\u00e1lisis del sitio web, MURPHY LAW &amp; CONSULTING puede emplear servicios de an\u00e1lisis web que utilizan cookies para recopilar informaci\u00f3n, como la direcci\u00f3n IP del usuario, informaci\u00f3n del navegador y el contenido visualizado, con el fin de analizar el uso que los visitantes hacen del sitio web. La informaci\u00f3n generada por estas cookies se transmitir\u00e1 y almacenar\u00e1 en servidores ubicados en M\u00e9xico por parte de los proveedores de estos servicios. Estos proveedores utilizar\u00e1n esta informaci\u00f3n para evaluar el n\u00famero de usuarios que visitan el sitio web, la ubicaci\u00f3n de los mismos, las \u00e1reas m\u00e1s utilizadas del sitio web, los navegadores m\u00e1s utilizados y los intereses de los usuarios con el objetivo de mejorar la funcionalidad del sitio web. La informaci\u00f3n recolectada por estos proveedores puede ser retenida hasta por dos a\u00f1os.<br \/>\nCookies de Flash: Las cookies de Flash son objetos compartidos locales que se utilizan con Adobe Flash Player para entregar cierto contenido en nuestro sitio web. Se utilizan para comprobar si su navegador es compatible con Flash y para mejorar la calidad de su experiencia en l\u00ednea.<\/p>\n<p>Opciones de gesti\u00f3n y desactivaci\u00f3n de cookies: Puede administrar y desactivar las cookies en cualquier momento ajustando la configuraci\u00f3n de su navegador. Sin embargo, tenga en cuenta que si decide no recibir cookies, es posible que algunas caracter\u00edsticas de nuestro sitio web no est\u00e9n disponibles y que el sitio web no funcione correctamente. Para obtener m\u00e1s informaci\u00f3n sobre c\u00f3mo gestionar y desactivar las cookies, consulte el men\u00fa de configuraci\u00f3n de su navegador o visite sitios web como www.allaboutcookies.org y para obtener informaci\u00f3n detallada sobre c\u00f3mo deshabilitar las cookies de Flash.<\/p>\n<p>C\u00f3mo contactarnos: Si tiene preguntas o inquietudes sobre el uso de cookies en nuestros sitios web, puede contactarnos enviando un correo electr\u00f3nico a INFO@MURPHYMEXICO.COM.<br \/>\nEstamos disponibles para responder sus preguntas y ayudarlo en todo lo que podamos.<\/p>\n","protected":false},"excerpt":{"rendered":"<p>Esta pol\u00edtica describe el uso de cookies y tecnolog\u00edas de seguimiento en nuestros sitios web&#8230;<\/p>\n","protected":false},"author":3,"featured_media":0,"parent":0,"menu_order":0,"comment_status":"closed","ping_status":"closed","template":"","meta":{"footnotes":""},"class_list":["post-6782","page","type-page","status-publish"],"_links":{"self":[{"href":"https:\/\/murphymexico.com\/es\/wp-json\/wp\/v2\/pages\/6782","targetHints":{"allow":["GET"]}}],"collection":[{"href":"https:\/\/murphymexico.com\/es\/wp-json\/wp\/v2\/pages"}],"about":[{"href":"https:\/\/murphymexico.com\/es\/wp-json\/wp\/v2\/types\/page"}],"author":[{"embeddable":true,"href":"https:\/\/murphymexico.com\/es\/wp-json\/wp\/v2\/users\/3"}],"replies":[{"embeddable":true,"href":"https:\/\/murphymexico.com\/es\/wp-json\/wp\/v2\/comments?post=6782"}],"version-history":[{"count":2,"href":"https:\/\/murphymexico.com\/es\/wp-json\/wp\/v2\/pages\/6782\/revisions"}],"predecessor-version":[{"id":6805,"href":"https:\/\/murphymexico.com\/es\/wp-json\/wp\/v2\/pages\/6782\/revisions\/6805"}],"wp:attachment":[{"href":"https:\/\/murphymexico.com\/es\/wp-json\/wp\/v2\/media?parent=6782"}],"curies":[{"name":"wp","href":"https:\/\/api.w.org\/{rel}","templated":true}]}}