{"id":6787,"date":"2023-02-18T22:13:11","date_gmt":"2023-02-18T22:13:11","guid":{"rendered":"https:\/\/murphymexico.com\/legal-disclaimer\/"},"modified":"2023-03-19T18:37:38","modified_gmt":"2023-03-19T18:37:38","slug":"legal-disclaimer","status":"publish","type":"page","link":"https:\/\/murphymexico.com\/es\/legal-disclaimer\/","title":{"rendered":"T\u00e9rminos Legales y Condiciones de Contrataci\u00f3n de nuestro sitio web en M\u00e9xico."},"content":{"rendered":"[vc_row type=\u00bbin_container\u00bb full_screen_row_position=\u00bbmiddle\u00bb column_margin=\u00bbdefault\u00bb column_direction=\u00bbdefault\u00bb column_direction_tablet=\u00bbdefault\u00bb column_direction_phone=\u00bbdefault\u00bb scene_position=\u00bbcenter\u00bb text_color=\u00bbdark\u00bb text_align=\u00bbleft\u00bb row_border_radius=\u00bbnone\u00bb row_border_radius_applies=\u00bbbg\u00bb overflow=\u00bbvisible\u00bb overlay_strength=\u00bb0.3&#8243; gradient_direction=\u00bbleft_to_right\u00bb shape_divider_position=\u00bbbottom\u00bb bg_image_animation=\u00bbnone\u00bb][vc_column column_padding=\u00bbno-extra-padding\u00bb column_padding_tablet=\u00bbinherit\u00bb column_padding_phone=\u00bbinherit\u00bb column_padding_position=\u00bball\u00bb column_element_direction_desktop=\u00bbdefault\u00bb column_element_spacing=\u00bbdefault\u00bb desktop_text_alignment=\u00bbdefault\u00bb tablet_text_alignment=\u00bbdefault\u00bb phone_text_alignment=\u00bbdefault\u00bb background_color_opacity=\u00bb1&#8243; background_hover_color_opacity=\u00bb1&#8243; column_backdrop_filter=\u00bbnone\u00bb column_shadow=\u00bbnone\u00bb column_border_radius=\u00bbnone\u00bb column_link_target=\u00bb_self\u00bb column_position=\u00bbdefault\u00bb gradient_direction=\u00bbleft_to_right\u00bb overlay_strength=\u00bb0.3&#8243; width=\u00bb1\/1&#8243; tablet_width_inherit=\u00bbdefault\u00bb animation_type=\u00bbdefault\u00bb bg_image_animation=\u00bbnone\u00bb border_type=\u00bbsimple\u00bb column_border_width=\u00bbnone\u00bb column_border_style=\u00bbsolid\u00bb][vc_column_text]<strong>1.Informaci\u00f3n legal y aceptaci\u00f3n<\/strong><br \/>\nPara utilizar nuestro sitio web, es necesario que acepte los t\u00e9rminos y condiciones que se establecen en este documento. Antes de empezar a utilizar nuestros servicios, le recomendamos que lea detenidamente todos los t\u00e9rminos y condiciones.<br \/>\nAl acceder y utilizar el sitio web, el usuario adquiere la condici\u00f3n de usuario del sitio (en adelante, el \u00abUsuario\u00bb) y acepta todas las condiciones que se incluyen en este Aviso Legal. Es importante tener en cuenta que la prestaci\u00f3n de los servicios del sitio web tiene una duraci\u00f3n limitada mientras el usuario est\u00e9 conectado al sitio web o a alguno de los servicios que se proporcionan a trav\u00e9s del mismo.<br \/>\nPor lo tanto, es necesario que el usuario lea cuidadosamente el presente Aviso Legal cada vez que quiera utilizar el sitio web, ya que este y sus condiciones de uso pueden sufrir modificaciones.<br \/>\nAlgunos de los servicios del sitio web pueden estar sujetos a condiciones particulares, reglamentos e instrucciones que deber\u00e1n ser aceptados por el usuario antes de utilizar el servicio correspondiente. Es posible que estas condiciones particulares sustituyan, completen y\/o modifiquen el presente Aviso Legal.<\/p>\n<p><strong>2.Propiedad Intelectual<\/strong><br \/>\nTodos los elementos que conforman el Portal, incluyendo, entre otros, los textos, im\u00e1genes, gr\u00e1ficos, iconos,<br \/>\nfotograf\u00edas, tecnolog\u00eda, software, enlaces y contenidos audiovisuales o sonoros, as\u00ed como su dise\u00f1o gr\u00e1fico y<br \/>\nc\u00f3digos fuente (en adelante, los &#8216;Elementos&#8217;), est\u00e1n protegidos por los derechos de propiedad intelectual de Murphy Law &amp; Consulting o de terceros, y ning\u00fan derecho de explotaci\u00f3n sobre ellos se cede al Usuario, salvo aquellos necesarios para el uso del Portal.<\/p>\n<p>Murphy Law &amp; Consulting o terceros son titulares de las marcas, nombres comerciales y signos distintivos que se utilizan en el Portal. El acceso al Portal no otorga al Usuario ning\u00fan derecho sobre dichas marcas, nombres comerciales o signos distintivos.<\/p>\n<p><strong>3.Limitaci\u00f3n de Responsabilidad:<\/strong><br \/>\nNo seremos responsables por cualquier da\u00f1o, directo o indirecto, que surja del uso o la imposibilidad de uso de nuestro sitio web o de los productos o servicios que ofrecemos.<\/p>\n<p><strong>4.Exclusi\u00f3n de responsabilidad<\/strong><\/p>\n<p>4.1 Sobre la informaci\u00f3n<br \/>\nEl acceso al Portal no implica que Murphy Law &amp; Consulting tenga la obligaci\u00f3n de verificar la veracidad, precisi\u00f3n, adecuaci\u00f3n, idoneidad, integridad y actualidad de la informaci\u00f3n proporcionada en el mismo. Los contenidos de esta p\u00e1gina web son generales y no constituyen una prestaci\u00f3n de servicios de asesoramiento legal o fiscal, por lo que la informaci\u00f3n proporcionada puede ser insuficiente para tomar decisiones personales o empresariales por parte del Usuario.<br \/>\nMurphy Law &amp; Consulting no se hace responsable de las decisiones tomadas por los usuarios en base a la informaci\u00f3n suministrada en el Portal, ni de los da\u00f1os y perjuicios que puedan causar a los usuarios o terceros, derivados de actuaciones que tengan como \u00fanico fundamento la informaci\u00f3n obtenida en el Portal.<\/p>\n<p>4.2 Sobre la calidad de servicio<br \/>\nEl acceso al Portal no implica que Murphy Law &amp; Consulting tenga la obligaci\u00f3n de garantizar la ausencia de virus, gusanos u otros elementos inform\u00e1ticos perjudiciales. Es responsabilidad del Usuario contar con las herramientas adecuadas para detectar y desinfectar programas inform\u00e1ticos da\u00f1inos.Murphy Law &amp; Consulting no se hace responsable de los da\u00f1os causados en los equipos inform\u00e1ticos de los usuarios o terceros durante la prestaci\u00f3n del servicio del Portal.<br \/>\n4.3 Sobre la disponibilidad del servicio<br \/>\nEl acceso al Portal requiere de servicios y suministros de terceros, incluyendo el transporte a trav\u00e9s de redes de telecomunicaciones, cuya fiabilidad, calidad, continuidad y funcionamiento no corresponde a Murphy Law &amp; Consulting. Por lo tanto, los servicios prestados a trav\u00e9s del Portal pueden ser suspendidos, cancelados o resultar inaccesibles, ya sea previa o simult\u00e1neamente a la prestaci\u00f3n del servicio del Portal.<br \/>\nMurphy Law &amp; Consulting no se hace responsable de los da\u00f1os o perjuicios de cualquier tipo causados a los usuarios, que resulten de fallos o desconexiones en las redes de telecomunicaciones que provoquen la suspensi\u00f3n, cancelaci\u00f3n o interrupci\u00f3n del servicio del Portal durante la prestaci\u00f3n del mismo o previamente.Murphy Law &amp; Consulting no tiene conocimiento de los contenidos y servicios de los Sitios Enlazados, y por lo tanto no se hace responsable de los da\u00f1os causados por la ilegalidad, calidad, obsolescencia, falta de disponibilidad, error o inutilidad de los contenidos y\/o servicios de los Sitios Enlazados, ni de ning\u00fan otro da\u00f1o que no sea directamente atribuible a Murphy Law &amp; Consulting.<\/p>\n<p><strong>5.Protecci\u00f3n de datos personales<\/strong><br \/>\nPara obtener m\u00e1s informaci\u00f3n sobre el tratamiento de sus datos personales en el Portal, consulte nuestra Pol\u00edtica de Privacidad.<\/p>\n<p><strong>6.Comunicaci\u00f3n de actividades il\u00edcitas o inadecuadas<\/strong><br \/>\nEn caso de que el Usuario o cualquier otro usuario de Internet tenga conocimiento de que los Sitios Enlazados remiten a p\u00e1ginas cuyos contenidos o servicios son ilegales, da\u00f1inos, despectivos, violentos o contrarios a la moral, pueden ponerse en contacto con Murphy Law &amp; Consulting proporcionando la siguiente informaci\u00f3n:<br \/>\nInformaci\u00f3n de contacto del comunicante: nombre completo, direcci\u00f3n postal, n\u00famero de tel\u00e9fono y direcci\u00f3n de correo electr\u00f3nico;<br \/>\nb) Descripci\u00f3n detallada de los hechos que demuestran el car\u00e1cter il\u00edcito o inadecuado del Sitio Enlazado;<br \/>\nEn el caso de una presunta infracci\u00f3n de derechos de propiedad intelectual o industrial, se deber\u00e1n proporcionar los datos personales del titular del derecho afectado, en caso de ser diferente del comunicante. Adem\u00e1s, se debe incluir el t\u00edtulo que acredite la legitimaci\u00f3n del titular de los derechos y, si corresponde, el poder de representaci\u00f3n para actuar en nombre del titular;<br \/>\nUna declaraci\u00f3n expl\u00edcita de que la informaci\u00f3n proporcionada en la reclamaci\u00f3n es precisa y verdadera.<\/p>\n<p>Es importante destacar que la recepci\u00f3n por parte de Murphy Law &amp; Consulting de una comunicaci\u00f3n de este tipo no implica necesariamente el conocimiento efectivo de las actividades y\/o contenidos indicados por el comunicante, de acuerdo con lo establecido en la Ley de Servicios de la Sociedad de la Informaci\u00f3n (LSSI). Adem\u00e1s, en caso de ser necesario, se deber\u00e1 aportar el t\u00edtulo que acredite la legitimaci\u00f3n del titular de los derechos y, si corresponde, el poder de representaci\u00f3n para actuar en nombre del titular en caso de que este sea diferente del comunicante.<\/p>\n<p><strong>7. Jurisdicci\u00f3n y Ley Aplicable:<\/strong><br \/>\nEstos T\u00e9rminos Legales y Condiciones de Contrataci\u00f3n est\u00e1n sujetos a la jurisdicci\u00f3n de los tribunales mexicanos y a las leyes aplicables en M\u00e9xico.<br \/>\nNos reservamos el derecho de actualizar o modificar estos t\u00e9rminos en cualquier momento y sin previo aviso. Le recomendamos que revise estos t\u00e9rminos regularmente para mantenerse informado sobre cualquier cambio[\/vc_column_text][\/vc_column][\/vc_row]\n","protected":false},"excerpt":{"rendered":"<p>[vc_row type=\u00bbin_container\u00bb full_screen_row_position=\u00bbmiddle\u00bb column_margin=\u00bbdefault\u00bb column_direction=\u00bbdefault\u00bb column_direction_tablet=\u00bbdefault\u00bb column_direction_phone=\u00bbdefault\u00bb scene_position=\u00bbcenter\u00bb text_color=\u00bbdark\u00bb text_align=\u00bbleft\u00bb row_border_radius=\u00bbnone\u00bb row_border_radius_applies=\u00bbbg\u00bb overflow=\u00bbvisible\u00bb overlay_strength=\u00bb0.3&#8243; gradient_direction=\u00bbleft_to_right\u00bb&#8230;<\/p>\n","protected":false},"author":1,"featured_media":0,"parent":0,"menu_order":0,"comment_status":"closed","ping_status":"closed","template":"","meta":{"footnotes":""},"class_list":["post-6787","page","type-page","status-publish"],"_links":{"self":[{"href":"https:\/\/murphymexico.com\/es\/wp-json\/wp\/v2\/pages\/6787","targetHints":{"allow":["GET"]}}],"collection":[{"href":"https:\/\/murphymexico.com\/es\/wp-json\/wp\/v2\/pages"}],"about":[{"href":"https:\/\/murphymexico.com\/es\/wp-json\/wp\/v2\/types\/page"}],"author":[{"embeddable":true,"href":"https:\/\/murphymexico.com\/es\/wp-json\/wp\/v2\/users\/1"}],"replies":[{"embeddable":true,"href":"https:\/\/murphymexico.com\/es\/wp-json\/wp\/v2\/comments?post=6787"}],"version-history":[{"count":3,"href":"https:\/\/murphymexico.com\/es\/wp-json\/wp\/v2\/pages\/6787\/revisions"}],"predecessor-version":[{"id":6933,"href":"https:\/\/murphymexico.com\/es\/wp-json\/wp\/v2\/pages\/6787\/revisions\/6933"}],"wp:attachment":[{"href":"https:\/\/murphymexico.com\/es\/wp-json\/wp\/v2\/media?parent=6787"}],"curies":[{"name":"wp","href":"https:\/\/api.w.org\/{rel}","templated":true}]}}